{"id":6225,"date":"2025-05-12T09:28:09","date_gmt":"2025-05-12T02:28:09","guid":{"rendered":"https:\/\/tokuteigino.vn\/?page_id=6225"},"modified":"2025-06-03T11:28:03","modified_gmt":"2025-06-03T04:28:03","slug":"tin-tuc","status":"publish","type":"page","link":"https:\/\/tokuteigino.vn\/ja\/tin-tuc\/","title":{"rendered":"Tin t\u1ee9c"},"content":{"rendered":"<div style=\"height:50px\" aria-hidden=\"true\" class=\"wp-block-spacer\"><\/div>\n\n\n\n<div class=\"wp-block-columns is-layout-flex wp-container-core-columns-is-layout-9d6595d7 wp-block-columns-is-layout-flex\" style=\"box-shadow:none\">\n<div class=\"wp-block-column is-layout-flow wp-block-column-is-layout-flow\"><\/div>\n\n\n\n<div class=\"wp-block-column is-layout-flow wp-block-column-is-layout-flow\"><\/div>\n\n\n\n<div class=\"wp-block-column is-layout-flow wp-block-column-is-layout-flow\" style=\"font-size:15px;box-shadow:none;flex-basis:25%\">\n<h2 class=\"wp-block-heading\">Tin t\u1ee9c m\u1edbi<\/h2>\n\n\n\n<div style=\"height:30px\" aria-hidden=\"true\" class=\"wp-block-spacer\"><\/div>\n\n\n<ul class=\"wp-block-latest-posts__list wp-block-latest-posts\"><li><a class=\"wp-block-latest-posts__post-title\" href=\"https:\/\/tokuteigino.vn\/ja\/huong-dan-dang-ky-tai-khoan-otaff-de-thi-tokutei-gino-so-1-nganh-che-bien-thuc-pham-va-nha-hang-2025\/\">H\u01b0\u1edbng D\u1eabn \u0110\u0103ng K\u00fd T\u00e0i Kho\u1ea3n OTAFF \u0110\u1ec3 Thi Tokutei Gino S\u1ed1 1 Ng\u00e0nh Ch\u1ebf Bi\u1ebfn Th\u1ef1c Ph\u1ea9m V\u00e0 Nh\u00e0 H\u00e0ng 2025<\/a><\/li>\n<li><a class=\"wp-block-latest-posts__post-title\" href=\"https:\/\/tokuteigino.vn\/ja\/cv-goc-la-gi-tai-sao-quan-trong-xin-cv-goc-o-dau\/\">CV g\u1ed1c l\u00e0 g\u00ec? T\u1ea1i sao quan tr\u1ecdng? Xin CV g\u1ed1c \u1edf \u0111\u00e2u?<\/a><\/li>\n<\/ul><\/div>\n\n\n\n<div class=\"wp-block-column border: 1px; is-layout-flow wp-block-column-is-layout-flow\" style=\"font-size:15px;box-shadow:none;flex-basis:75%\">\n<div class=\"wp-block-query is-layout-flow wp-block-query-is-layout-flow\"><ul class=\"wp-block-post-template is-layout-flow wp-block-post-template-is-layout-flow\"><li class=\"wp-block-post post-6394 post type-post status-publish format-standard has-post-thumbnail hentry category-tin-tuc tag-dang-ky-tai-khoan-otaff tag-dang-ky-tai-khoan-otaff-moi-nhat tag-huong-dan-thi-tokutei tag-otaff-la-gi tag-thi-tokutei-gino-nganh-che-bien-thuc-pham tag-tokutei-gino-nha-hang\">\n\n<div class=\"wp-block-columns alignwide is-layout-flex wp-container-core-columns-is-layout-9d6595d7 wp-block-columns-is-layout-flex\">\n<div class=\"wp-block-column is-layout-flow wp-block-column-is-layout-flow\" style=\"flex-basis:33.33%\"><figure class=\"wp-block-post-featured-image\"><a href=\"https:\/\/tokuteigino.vn\/ja\/huong-dan-dang-ky-tai-khoan-otaff-de-thi-tokutei-gino-so-1-nganh-che-bien-thuc-pham-va-nha-hang-2025\/\" target=\"_self\"  ><img loading=\"lazy\" decoding=\"async\" width=\"2560\" height=\"1072\" src=\"https:\/\/tokuteigino.vn\/wp-content\/uploads\/2025\/05\/Anh-man-hinh-2025-05-26-luc-15.15.05-scaled.png\" class=\"attachment-post-thumbnail size-post-thumbnail wp-post-image\" alt=\"H\u01b0\u1edbng D\u1eabn \u0110\u0103ng K\u00fd T\u00e0i Kho\u1ea3n OTAFF \u0110\u1ec3 Thi Tokutei Gino S\u1ed1 1 Ng\u00e0nh Ch\u1ebf Bi\u1ebfn Th\u1ef1c Ph\u1ea9m V\u00e0 Nh\u00e0 H\u00e0ng 2025\" style=\"object-fit:cover;\" srcset=\"https:\/\/tokuteigino.vn\/wp-content\/uploads\/2025\/05\/Anh-man-hinh-2025-05-26-luc-15.15.05-scaled.png 2560w, https:\/\/tokuteigino.vn\/wp-content\/uploads\/2025\/05\/Anh-man-hinh-2025-05-26-luc-15.15.05-300x126.png 300w, https:\/\/tokuteigino.vn\/wp-content\/uploads\/2025\/05\/Anh-man-hinh-2025-05-26-luc-15.15.05-1024x429.png 1024w, https:\/\/tokuteigino.vn\/wp-content\/uploads\/2025\/05\/Anh-man-hinh-2025-05-26-luc-15.15.05-768x322.png 768w, https:\/\/tokuteigino.vn\/wp-content\/uploads\/2025\/05\/Anh-man-hinh-2025-05-26-luc-15.15.05-1536x643.png 1536w, https:\/\/tokuteigino.vn\/wp-content\/uploads\/2025\/05\/Anh-man-hinh-2025-05-26-luc-15.15.05-2048x857.png 2048w, https:\/\/tokuteigino.vn\/wp-content\/uploads\/2025\/05\/Anh-man-hinh-2025-05-26-luc-15.15.05-18x8.png 18w, https:\/\/tokuteigino.vn\/wp-content\/uploads\/2025\/05\/Anh-man-hinh-2025-05-26-luc-15.15.05-600x251.png 600w\" sizes=\"auto, (max-width: 2560px) 100vw, 2560px\" \/><\/a><\/figure><\/div>\n\n\n\n<div class=\"wp-block-column is-layout-flow wp-block-column-is-layout-flow\" style=\"flex-basis:66.66%\"><h2 class=\"wp-block-post-title\"><a href=\"https:\/\/tokuteigino.vn\/ja\/huong-dan-dang-ky-tai-khoan-otaff-de-thi-tokutei-gino-so-1-nganh-che-bien-thuc-pham-va-nha-hang-2025\/\" target=\"_self\" >H\u01b0\u1edbng D\u1eabn \u0110\u0103ng K\u00fd T\u00e0i Kho\u1ea3n OTAFF \u0110\u1ec3 Thi Tokutei Gino S\u1ed1 1 Ng\u00e0nh Ch\u1ebf Bi\u1ebfn Th\u1ef1c Ph\u1ea9m V\u00e0 Nh\u00e0 H\u00e0ng 2025<\/a><\/h2>\n\n<div class=\"wp-block-post-excerpt\"><p class=\"wp-block-post-excerpt__excerpt\">B\u1ea1n \u0111ang chu\u1ea9n b\u1ecb thi Tokutei Gino s\u1ed1 1 ng\u00e0nh Ch\u1ebf bi\u1ebfn th\u1ef1c ph\u1ea9m (\u98f2\u98df\u6599\u54c1\u88fd\u9020\u696d) ho\u1eb7c Nh\u00e0 h\u00e0ng (\u5916\u98df\u696d) t\u1ea1i Nh\u1eadt B\u1ea3n? \u0110i\u1ec1u b\u1eaft bu\u1ed9c \u0111\u1ea7u ti\u00ean b\u1ea1n c\u1ea7n l\u00e0m l\u00e0 t\u1ea1o t\u00e0i kho\u1ea3n OTAFF \u2013 h\u1ec7 th\u1ed1ng \u0111\u0103ng k\u00fd thi ch\u00ednh th\u1ee9c c\u1ee7a Ch\u00ednh ph\u1ee7 Nh\u1eadt. \u26a0\ufe0f L\u01b0u \u00fd quan tr\u1ecdng: Website OTAFF th\u01b0\u1eddng&hellip;<\/p><p class=\"wp-block-post-excerpt__more-text\"><a class=\"wp-block-post-excerpt__more-link\" href=\"https:\/\/tokuteigino.vn\/ja\/huong-dan-dang-ky-tai-khoan-otaff-de-thi-tokutei-gino-so-1-nganh-che-bien-thuc-pham-va-nha-hang-2025\/\">xem th\u00eam<\/a><\/p><\/div><\/div>\n<\/div>\n\n<\/li><li class=\"wp-block-post post-6383 post type-post status-publish format-standard has-post-thumbnail hentry category-tin-tuc tag-cv-goc-la-gi tag-truot-visa-nhat-ban tag-vi-sao-can-cv-goc tag-xin-visa-tokutei-gino\">\n\n<div class=\"wp-block-columns alignwide is-layout-flex wp-container-core-columns-is-layout-9d6595d7 wp-block-columns-is-layout-flex\">\n<div class=\"wp-block-column is-layout-flow wp-block-column-is-layout-flow\" style=\"flex-basis:33.33%\"><figure class=\"wp-block-post-featured-image\"><a href=\"https:\/\/tokuteigino.vn\/ja\/cv-goc-la-gi-tai-sao-quan-trong-xin-cv-goc-o-dau\/\" target=\"_self\"  ><img loading=\"lazy\" decoding=\"async\" width=\"1920\" height=\"1080\" src=\"https:\/\/tokuteigino.vn\/wp-content\/uploads\/2025\/05\/Ten-goi-2.jpg\" class=\"attachment-post-thumbnail size-post-thumbnail wp-post-image\" alt=\"CV g\u1ed1c l\u00e0 g\u00ec? T\u1ea1i sao quan tr\u1ecdng? Xin CV g\u1ed1c \u1edf \u0111\u00e2u?\" style=\"object-fit:cover;\" srcset=\"https:\/\/tokuteigino.vn\/wp-content\/uploads\/2025\/05\/Ten-goi-2.jpg 1920w, https:\/\/tokuteigino.vn\/wp-content\/uploads\/2025\/05\/Ten-goi-2-300x169.jpg 300w, https:\/\/tokuteigino.vn\/wp-content\/uploads\/2025\/05\/Ten-goi-2-1024x576.jpg 1024w, https:\/\/tokuteigino.vn\/wp-content\/uploads\/2025\/05\/Ten-goi-2-768x432.jpg 768w, https:\/\/tokuteigino.vn\/wp-content\/uploads\/2025\/05\/Ten-goi-2-1536x864.jpg 1536w, https:\/\/tokuteigino.vn\/wp-content\/uploads\/2025\/05\/Ten-goi-2-18x10.jpg 18w, https:\/\/tokuteigino.vn\/wp-content\/uploads\/2025\/05\/Ten-goi-2-600x338.jpg 600w\" sizes=\"auto, (max-width: 1920px) 100vw, 1920px\" \/><\/a><\/figure><\/div>\n\n\n\n<div class=\"wp-block-column is-layout-flow wp-block-column-is-layout-flow\" style=\"flex-basis:66.66%\"><h2 class=\"wp-block-post-title\"><a href=\"https:\/\/tokuteigino.vn\/ja\/cv-goc-la-gi-tai-sao-quan-trong-xin-cv-goc-o-dau\/\" target=\"_self\" >CV g\u1ed1c l\u00e0 g\u00ec? T\u1ea1i sao quan tr\u1ecdng? Xin CV g\u1ed1c \u1edf \u0111\u00e2u?<\/a><\/h2>\n\n<div class=\"wp-block-post-excerpt\"><p class=\"wp-block-post-excerpt__excerpt\">N\u1ebfu b\u1ea1n l\u00e0 th\u1ef1c t\u1eadp sinh k\u1ef9 n\u0103ng \u0111ang chu\u1ea9n b\u1ecb chuy\u1ec3n sang visa Tokutei Gino \u0111\u1ec3 ti\u1ebfp t\u1ee5c l\u00e0m vi\u1ec7c t\u1ea1i Nh\u1eadt B\u1ea3n, h\u00e3y \u0111\u1eb7c bi\u1ec7t l\u01b0u \u00fd \u0111\u1ebfn m\u1ed9t t\u00e0i li\u1ec7u c\u1ef1c k\u1ef3 quan tr\u1ecdng: CV g\u1ed1c \u2013 h\u1ed3 s\u01a1 g\u1ed1c \u0111\u00e3 t\u1eebng \u0111\u01b0\u1ee3c n\u1ed9p khi b\u1ea1n sang Nh\u1eadt l\u1ea7n \u0111\u1ea7u. B\u00e0i vi\u1ebft&hellip;<\/p><p class=\"wp-block-post-excerpt__more-text\"><a class=\"wp-block-post-excerpt__more-link\" href=\"https:\/\/tokuteigino.vn\/ja\/cv-goc-la-gi-tai-sao-quan-trong-xin-cv-goc-o-dau\/\">xem th\u00eam<\/a><\/p><\/div><\/div>\n<\/div>\n\n<\/li><\/ul><\/div>\n<\/div>\n\n\n\n<div class=\"wp-block-column is-layout-flow wp-block-column-is-layout-flow\"><\/div>\n\n\n\n<div class=\"wp-block-column is-layout-flow wp-block-column-is-layout-flow\"><\/div>\n<\/div>\n\n\n\n<p><\/p>\n\n\n\n\n\t<section class=\"section dark\" id=\"section_689910828\">\n\t\t<div class=\"section-bg fill\" >\n\t\t\t\t\t\t\t\t\t\n\t\t\t\n\n\t\t<\/div>\n\n\t\t\n\n\t\t<div class=\"section-content relative\">\n\t\t\t\n\n<div class=\"row\"  id=\"row-1414659394\">\n\n\n\t<div id=\"col-572995804\" class=\"col small-12 large-12\"  data-animate=\"fadeInDown\">\n\t\t\t\t<div class=\"col-inner text-center\"  >\n\t\t\t\n\t\t\t\n\n\t<div id=\"text-3904942227\" class=\"text\">\n\t\t\n\n<h3><strong><span style=\"font-size: 200%;\">\u30b3\u30fc\u30b9\u306e\u60c5\u5831<\/span><\/strong><\/h3>\n<p>\u4ee5\u4e0b\u306e\u60c5\u5831\u3092\u4f7f\u7528\u3057\u3066\u9023\u7d61\u3057\u3066\u304f\u3060\u3055\u3044\uff01<\/p>\n\t\t\n<style>\n#text-3904942227 {\n  color: #0f2819;\n}\n#text-3904942227 > * {\n  color: #0f2819;\n}\n<\/style>\n\t<\/div>\n\t\n\n\t\t<\/div>\n\t\t\t\t\n<style>\n#col-572995804 > .col-inner {\n  padding: 30px 0px 0px 0px;\n}\n<\/style>\n\t<\/div>\n\n\t\n\n<\/div>\n<div class=\"row align-center\"  id=\"row-1947322588\">\n\n\n\t<div id=\"col-674742970\" class=\"col medium-4 small-12 large-4\"  data-animate=\"fadeInUp\">\n\t\t\t\t<div class=\"col-inner text-center\"  >\n\t\t\t\n\t\t\t\n\n\t<div id=\"text-3093089382\" class=\"text\">\n\t\t\n\n<p>\u0110\u1ecba ch\u1ec9: H\u00e0 N\u1ed9i, Vi\u1ec7t Nam<br \/>\nEmail: <a href=\"\/ja\/thanhmai@tokuteigino.vn\/\">thanhmai@tokuteigino.vn<\/a> <br \/>\nS\u1ed1 \u0111i\u1ec7n tho\u1ea1i: <a href=\"tel:+84 336 679 657\">0337895194<\/a><\/p>\n<\/p>\n\t\t\n<style>\n#text-3093089382 {\n  text-align: left;\n  color: #0f2819;\n}\n#text-3093089382 > * {\n  color: #0f2819;\n}\n<\/style>\n\t<\/div>\n\t\n\n\t\t<\/div>\n\t\t\t\t\t<\/div>\n\n\t\n\n\t<div id=\"col-1659596916\" class=\"col medium-4 small-12 large-4\"  data-animate=\"fadeInUp\">\n\t\t\t\t<div class=\"col-inner text-left\"  >\n\t\t\t\n\t\t\t\n\n\t<div id=\"text-4164660200\" class=\"text\">\n\t\t\n\n<ul>\n\u7279\u5b9a\u6280\u80fd\u30b3\u30fc\u30b9<\/p>\n<li><a href = \"https:\/\/tokuteigino.vn\/ja\/tokuteigino-1\/\">Tokutei gino1<\/li>\n<li> <a href = \"https:\/\/tokuteigino.vn\/ja\/tokuteigino-2\/\">Tokutei gino2<\/li>\n<\/ul>\n\t\t\n<style>\n#text-4164660200 {\n  text-align: left;\n  color: #0f2819;\n}\n#text-4164660200 > * {\n  color: #0f2819;\n}\n<\/style>\n\t<\/div>\n\t\n\n\t\t<\/div>\n\t\t\t\t\t<\/div>\n\n\t\n\n\t<div id=\"col-270560808\" class=\"col medium-4 small-12 large-4\"  data-animate=\"fadeInUp\">\n\t\t\t\t<div class=\"col-inner text-left\"  >\n\t\t\t\n\t\t\t\n\n<div class=\"social-icons follow-icons full-width text-left\" style=\"font-size:120%\"><a href=\"https:\/\/www.facebook.com\/Thanhmaiyokohama\" target=\"_blank\" data-label=\"Facebook\" class=\"icon primary button circle tooltip facebook\" title=\"Facebook\u3067\u30d5\u30a9\u30ed\u30fc\" aria-label=\"Facebook\u3067\u30d5\u30a9\u30ed\u30fc\" rel=\"noopener nofollow\"><i class=\"icon-facebook\" aria-hidden=\"true\"><\/i><\/a><a href=\"https:\/\/www.tiktok.com\/@thanhmaiyokohama\" target=\"_blank\" data-label=\"TikTok\" class=\"icon primary button circle tooltip tiktok\" title=\"Follow on TikTok\" aria-label=\"Follow on TikTok\" rel=\"noopener nofollow\"><i class=\"icon-tiktok\" aria-hidden=\"true\"><\/i><\/a><a href=\"https:\/\/www.youtube.com\/channel\/UCMP5q7fKoaHMZW6VReJ2bdg\" data-label=\"YouTube\" target=\"_blank\" class=\"icon primary button circle tooltip youtube\" title=\"YouTube\u3067\u30d5\u30a9\u30ed\u30fc\" aria-label=\"YouTube\u3067\u30d5\u30a9\u30ed\u30fc\" rel=\"noopener nofollow\"><i class=\"icon-youtube\" aria-hidden=\"true\"><\/i><\/a><\/div>\n\n\n\t\t<\/div>\n\t\t\t\t\t<\/div>\n\n\t\n\n<\/div>\n\t<div id=\"gap-1357434859\" class=\"gap-element clearfix\" style=\"display:block; height:auto;\">\n\t\t\n<style>\n#gap-1357434859 {\n  padding-top: 10px;\n}\n<\/style>\n\t<\/div>\n\t\n\n\n\t\t<\/div>\n\n\t\t\n<style>\n#section_689910828 {\n  padding-top: 15px;\n  padding-bottom: 15px;\n  background-color: rgb(254, 231, 231);\n}\n<\/style>\n\t<\/section>","protected":false},"excerpt":{"rendered":"<p>Tin t\u1ee9c m\u1edbi<\/p>","protected":false},"author":2,"featured_media":0,"parent":0,"menu_order":0,"comment_status":"closed","ping_status":"closed","template":"","meta":{"_monsterinsights_skip_tracking":false,"_monsterinsights_sitenote_active":false,"_monsterinsights_sitenote_note":"","_monsterinsights_sitenote_category":0,"footnotes":""},"class_list":["post-6225","page","type-page","status-publish","hentry"],"_links":{"self":[{"href":"https:\/\/tokuteigino.vn\/ja\/wp-json\/wp\/v2\/pages\/6225","targetHints":{"allow":["GET"]}}],"collection":[{"href":"https:\/\/tokuteigino.vn\/ja\/wp-json\/wp\/v2\/pages"}],"about":[{"href":"https:\/\/tokuteigino.vn\/ja\/wp-json\/wp\/v2\/types\/page"}],"author":[{"embeddable":true,"href":"https:\/\/tokuteigino.vn\/ja\/wp-json\/wp\/v2\/users\/2"}],"replies":[{"embeddable":true,"href":"https:\/\/tokuteigino.vn\/ja\/wp-json\/wp\/v2\/comments?post=6225"}],"version-history":[{"count":28,"href":"https:\/\/tokuteigino.vn\/ja\/wp-json\/wp\/v2\/pages\/6225\/revisions"}],"predecessor-version":[{"id":6448,"href":"https:\/\/tokuteigino.vn\/ja\/wp-json\/wp\/v2\/pages\/6225\/revisions\/6448"}],"wp:attachment":[{"href":"https:\/\/tokuteigino.vn\/ja\/wp-json\/wp\/v2\/media?parent=6225"}],"curies":[{"name":"wp","href":"https:\/\/api.w.org\/{rel}","templated":true}]}}