{"id":3280,"date":"2024-09-15T13:10:32","date_gmt":"2024-09-15T06:10:32","guid":{"rendered":"https:\/\/tokuteigino.vn\/?page_id=3280"},"modified":"2026-02-24T01:34:25","modified_gmt":"2026-02-23T18:34:25","slug":"hoc-thu","status":"publish","type":"page","link":"https:\/\/tokuteigino.vn\/ja\/hoc-thu\/","title":{"rendered":"\u7121\u6599\u4f53\u9a13"},"content":{"rendered":"<div class=\"slider-wrapper relative\" id=\"slider-1900078117\" style=\"background-color:#6fa6d4;\">\n    <div class=\"slider slider-nav-simple slider-nav-large slider-nav-light slider-nav-outside slider-style-normal slider-show-nav\"\n        data-flickity-options='{            \"cellAlign\": \"center\",            \"imagesLoaded\": true,            \"lazyLoad\": 1,            \"freeScroll\": false,            \"wrapAround\": true,            \"autoPlay\": 6000,            \"pauseAutoPlayOnHover\" : false,            \"prevNextButtons\": true,            \"contain\" : true,            \"adaptiveHeight\" : true,            \"dragThreshold\" : 10,            \"percentPosition\": true,            \"pageDots\": false,            \"rightToLeft\": false,            \"draggable\": true,            \"selectedAttraction\": 0.1,            \"parallax\" : 0,            \"friction\": 0.6        }'\n        >\n        \n\n\n  <div class=\"banner has-hover\" id=\"banner-2094447770\">\n          <div class=\"banner-inner fill\">\n        <div class=\"banner-bg fill\" >\n                                                \n                    <\/div>\n\t\t\n        <div class=\"banner-layers container\">\n            <div class=\"fill banner-link\"><\/div>            \n\n\t<div class=\"img has-hover x50 md-x5 lg-x5 y100 md-y50 lg-y50\" id=\"image_1156726013\">\n\t\t\t\t\t\t<div data-animate=\"fadeInLeft\">\t\t<div class=\"img-inner dark\" style=\"margin:20px 0px 0px 0px;\">\n\t\t\t<img loading=\"lazy\" decoding=\"async\" width=\"593\" height=\"853\" src=\"https:\/\/tokuteigino.vn\/wp-content\/uploads\/2024\/09\/Thanh-qua-ngay-mai-4.png\" class=\"attachment-original size-original\" alt=\"\" srcset=\"https:\/\/tokuteigino.vn\/wp-content\/uploads\/2024\/09\/Thanh-qua-ngay-mai-4.png 593w, https:\/\/tokuteigino.vn\/wp-content\/uploads\/2024\/09\/Thanh-qua-ngay-mai-4-209x300.png 209w\" sizes=\"auto, (max-width: 593px) 100vw, 593px\" \/>\t\t\t\t\t\t\n\t\t\t\t\t<\/div>\n\t\t<\/div>\t\t\t\t\t\t\n<style>\n#image_1156726013 {\n  width: 62%;\n}\n@media (min-width:550px) {\n  #image_1156726013 {\n    width: 25%;\n  }\n}\n<\/style>\n\t<\/div>\n\t\n\n\t<div class=\"img has-hover x50 md-x95 lg-x100 y10 md-y25 lg-y25\" id=\"image_1430874663\">\n\t\t\t\t\t\t<div data-animate=\"fadeInRight\">\t\t<div class=\"img-inner dark\" >\n\t\t\t<img loading=\"lazy\" decoding=\"async\" width=\"1343\" height=\"408\" src=\"https:\/\/tokuteigino.vn\/wp-content\/uploads\/2024\/09\/Thanh-qua-ngay-mai-1.png\" class=\"attachment-original size-original\" alt=\"\" srcset=\"https:\/\/tokuteigino.vn\/wp-content\/uploads\/2024\/09\/Thanh-qua-ngay-mai-1.png 1343w, https:\/\/tokuteigino.vn\/wp-content\/uploads\/2024\/09\/Thanh-qua-ngay-mai-1-300x91.png 300w, https:\/\/tokuteigino.vn\/wp-content\/uploads\/2024\/09\/Thanh-qua-ngay-mai-1-1024x311.png 1024w, https:\/\/tokuteigino.vn\/wp-content\/uploads\/2024\/09\/Thanh-qua-ngay-mai-1-768x233.png 768w, https:\/\/tokuteigino.vn\/wp-content\/uploads\/2024\/09\/Thanh-qua-ngay-mai-1-600x182.png 600w\" sizes=\"auto, (max-width: 1343px) 100vw, 1343px\" \/>\t\t\t\t\t\t\n\t\t\t\t\t<\/div>\n\t\t<\/div>\t\t\t\t\t\t\n<style>\n#image_1430874663 {\n  width: 83%;\n}\n@media (min-width:550px) {\n  #image_1430874663 {\n    width: 60%;\n  }\n}\n<\/style>\n\t<\/div>\n\t\n\n\n        <\/div>\n      <\/div>\n\n            \n<style>\n#banner-2094447770 {\n  padding-top: 500px;\n  background-color: rgb(255,255,255);\n}\n@media (min-width:550px) {\n  #banner-2094447770 {\n    padding-top: 450px;\n  }\n}\n<\/style>\n  <\/div>\n\n\n\n  <div class=\"banner has-hover\" id=\"banner-1443324892\">\n          <div class=\"banner-inner fill\">\n        <div class=\"banner-bg fill\" >\n                                                \n                    <\/div>\n\t\t\n        <div class=\"banner-layers container\">\n            <div class=\"fill banner-link\"><\/div>            \n\n\t<div class=\"img has-hover x50 md-x5 lg-x5 y100 md-y50 lg-y50\" id=\"image_175235955\">\n\t\t\t\t\t\t<div data-animate=\"fadeInLeft\">\t\t<div class=\"img-inner dark\" >\n\t\t\t<img loading=\"lazy\" decoding=\"async\" width=\"660\" height=\"853\" src=\"https:\/\/tokuteigino.vn\/wp-content\/uploads\/2024\/09\/Thanh-qua-ngay-mai-2.png\" class=\"attachment-original size-original\" alt=\"\" srcset=\"https:\/\/tokuteigino.vn\/wp-content\/uploads\/2024\/09\/Thanh-qua-ngay-mai-2.png 660w, https:\/\/tokuteigino.vn\/wp-content\/uploads\/2024\/09\/Thanh-qua-ngay-mai-2-232x300.png 232w, https:\/\/tokuteigino.vn\/wp-content\/uploads\/2024\/09\/Thanh-qua-ngay-mai-2-600x775.png 600w\" sizes=\"auto, (max-width: 660px) 100vw, 660px\" \/>\t\t\t\t\t\t\n\t\t\t\t\t<\/div>\n\t\t<\/div>\t\t\t\t\t\t\n<style>\n#image_175235955 {\n  width: 62%;\n}\n@media (min-width:550px) {\n  #image_175235955 {\n    width: 30%;\n  }\n}\n<\/style>\n\t<\/div>\n\t\n\n\t<div class=\"img has-hover x50 md-x90 lg-x90 y5 md-y20 lg-y15\" id=\"image_1278755652\">\n\t\t\t\t\t\t<div data-animate=\"fadeInRight\">\t\t<div class=\"img-inner dark\" >\n\t\t\t<img loading=\"lazy\" decoding=\"async\" width=\"1184\" height=\"642\" src=\"https:\/\/tokuteigino.vn\/wp-content\/uploads\/2024\/09\/Thanh-qua-ngay-mai-3.png\" class=\"attachment-original size-original\" alt=\"\" srcset=\"https:\/\/tokuteigino.vn\/wp-content\/uploads\/2024\/09\/Thanh-qua-ngay-mai-3.png 1184w, https:\/\/tokuteigino.vn\/wp-content\/uploads\/2024\/09\/Thanh-qua-ngay-mai-3-300x163.png 300w, https:\/\/tokuteigino.vn\/wp-content\/uploads\/2024\/09\/Thanh-qua-ngay-mai-3-1024x555.png 1024w, https:\/\/tokuteigino.vn\/wp-content\/uploads\/2024\/09\/Thanh-qua-ngay-mai-3-768x416.png 768w, https:\/\/tokuteigino.vn\/wp-content\/uploads\/2024\/09\/Thanh-qua-ngay-mai-3-600x325.png 600w\" sizes=\"auto, (max-width: 1184px) 100vw, 1184px\" \/>\t\t\t\t\t\t\n\t\t\t\t\t<\/div>\n\t\t<\/div>\t\t\t\t\t\t\n<style>\n#image_1278755652 {\n  width: 74%;\n}\n@media (min-width:550px) {\n  #image_1278755652 {\n    width: 50%;\n  }\n}\n<\/style>\n\t<\/div>\n\t\n\n\n        <\/div>\n      <\/div>\n\n            \n<style>\n#banner-1443324892 {\n  padding-top: 500px;\n  background-color: rgb(255,255,255);\n}\n@media (min-width:550px) {\n  #banner-1443324892 {\n    padding-top: 500px;\n  }\n}\n<\/style>\n  <\/div>\n\n\n\n     <\/div>\n\n     <div class=\"loading-spin dark large centered\"><\/div>\n\n\t<\/div>\n\n\n\n\t<section class=\"section\" id=\"section_511458265\">\n\t\t<div class=\"section-bg fill\" >\n\t\t\t\t\t\t\t\t\t\n\t\t\t\n\n\t\t<\/div>\n\n\t\t\n\n\t\t<div class=\"section-content relative\">\n\t\t\t\n\n<div class=\"row\"  id=\"row-921962139\">\n\n\n\t<div id=\"col-1640211779\" class=\"col small-12 large-12\"  >\n\t\t\t\t<div class=\"col-inner\"  >\n\t\t\t\n\t\t\t\n\n<div class=\"row row-small row-box-shadow-1 row-box-shadow-4-hover\"  id=\"row-1586955420\">\n\n\n\t<div id=\"col-293374626\" class=\"col medium-6 small-12 large-3\"  >\n\t\t\t\t<div class=\"col-inner box-shadow-1\"  >\n\t\t\t\n\t<div class=\"is-border\"\n\t\tstyle=\"border-color:rgb(15, 40, 25);border-radius:15px;border-width:2px 2px 2px 2px;\">\n\t<\/div>\n\t\t\t\n\n\n\t<a class=\"plain\" href=\"https:\/\/tokuteigino.vn\/ja\/hoc-thu-tp-gino-1\/\" >\t<div class=\"icon-box featured-box icon-box-center text-center\"  >\n\t\t\t\t\t<div class=\"icon-box-img\" style=\"width: 100px\">\n\t\t\t\t<div class=\"icon\">\n\t\t\t\t\t<div class=\"icon-inner\" >\n\t\t\t\t\t\t<img loading=\"lazy\" decoding=\"async\" width=\"300\" height=\"300\" src=\"https:\/\/tokuteigino.vn\/wp-content\/uploads\/2025\/04\/thuc-pham-300x300.jpeg\" class=\"attachment-medium size-medium\" alt=\"\" srcset=\"https:\/\/tokuteigino.vn\/wp-content\/uploads\/2025\/04\/thuc-pham-300x300.jpeg 300w, https:\/\/tokuteigino.vn\/wp-content\/uploads\/2025\/04\/thuc-pham-1024x1024.jpeg 1024w, https:\/\/tokuteigino.vn\/wp-content\/uploads\/2025\/04\/thuc-pham-150x150.jpeg 150w, https:\/\/tokuteigino.vn\/wp-content\/uploads\/2025\/04\/thuc-pham-768x768.jpeg 768w, https:\/\/tokuteigino.vn\/wp-content\/uploads\/2025\/04\/thuc-pham-1536x1536.jpeg 1536w, https:\/\/tokuteigino.vn\/wp-content\/uploads\/2025\/04\/thuc-pham-12x12.jpeg 12w, https:\/\/tokuteigino.vn\/wp-content\/uploads\/2025\/04\/thuc-pham-600x600.jpeg 600w, https:\/\/tokuteigino.vn\/wp-content\/uploads\/2025\/04\/thuc-pham-100x100.jpeg 100w, https:\/\/tokuteigino.vn\/wp-content\/uploads\/2025\/04\/thuc-pham.jpeg 1967w\" sizes=\"auto, (max-width: 300px) 100vw, 300px\" \/>\t\t\t\t\t<\/div>\n\t\t\t\t<\/div>\n\t\t\t<\/div>\n\t\t\t\t<div class=\"icon-box-text last-reset\">\n\t\t\t\t\t\t\t\t\t\n\n\t<div id=\"text-1852406004\" class=\"text\">\n\t\t\n\n<p><strong>\u98f2\u98df\u6599\u54c1\u88fd\u9020\u696d1\u53f7<\/strong><\/p>\n\t\t\n<style>\n#text-1852406004 {\n  color: #0f2819;\n}\n#text-1852406004 > * {\n  color: #0f2819;\n}\n<\/style>\n\t<\/div>\n\t\n\n\t\t<\/div>\n\t<\/div>\n\t<\/a>\n\t\n\n\t\t<\/div>\n\t\t\t\t\n<style>\n#col-293374626 > .col-inner {\n  border-radius: 15px;\n}\n<\/style>\n\t<\/div>\n\n\t\n\n\t<div id=\"col-228033639\" class=\"col medium-6 small-12 large-3\"  >\n\t\t\t\t<div class=\"col-inner box-shadow-1\"  >\n\t\t\t\n\t<div class=\"is-border\"\n\t\tstyle=\"border-color:rgb(15, 40, 25);border-radius:15px;border-width:2px 2px 2px 2px;\">\n\t<\/div>\n\t\t\t\n\n\n\t<a class=\"plain\" href=\"https:\/\/tokuteigino.vn\/ja\/hoc-thu-nha-hang-gino-1\/\" >\t<div class=\"icon-box featured-box icon-box-center text-center\"  >\n\t\t\t\t\t<div class=\"icon-box-img\" style=\"width: 100px\">\n\t\t\t\t<div class=\"icon\">\n\t\t\t\t\t<div class=\"icon-inner\" >\n\t\t\t\t\t\t<img loading=\"lazy\" decoding=\"async\" width=\"300\" height=\"300\" src=\"https:\/\/tokuteigino.vn\/wp-content\/uploads\/2025\/04\/nha-hang-300x300.jpeg\" class=\"attachment-medium size-medium\" alt=\"\" srcset=\"https:\/\/tokuteigino.vn\/wp-content\/uploads\/2025\/04\/nha-hang-300x300.jpeg 300w, https:\/\/tokuteigino.vn\/wp-content\/uploads\/2025\/04\/nha-hang-1024x1024.jpeg 1024w, https:\/\/tokuteigino.vn\/wp-content\/uploads\/2025\/04\/nha-hang-150x150.jpeg 150w, https:\/\/tokuteigino.vn\/wp-content\/uploads\/2025\/04\/nha-hang-768x768.jpeg 768w, https:\/\/tokuteigino.vn\/wp-content\/uploads\/2025\/04\/nha-hang-1536x1536.jpeg 1536w, https:\/\/tokuteigino.vn\/wp-content\/uploads\/2025\/04\/nha-hang-12x12.jpeg 12w, https:\/\/tokuteigino.vn\/wp-content\/uploads\/2025\/04\/nha-hang-600x600.jpeg 600w, https:\/\/tokuteigino.vn\/wp-content\/uploads\/2025\/04\/nha-hang-100x100.jpeg 100w, https:\/\/tokuteigino.vn\/wp-content\/uploads\/2025\/04\/nha-hang.jpeg 1967w\" sizes=\"auto, (max-width: 300px) 100vw, 300px\" \/>\t\t\t\t\t<\/div>\n\t\t\t\t<\/div>\n\t\t\t<\/div>\n\t\t\t\t<div class=\"icon-box-text last-reset\">\n\t\t\t\t\t\t\t\t\t\n\n\t<div id=\"text-700628278\" class=\"text\">\n\t\t\n\n<p><strong>\u5916\u98df\u696d1\u53f7<\/strong><\/p>\n\t\t\n<style>\n#text-700628278 {\n  color: #0f2819;\n}\n#text-700628278 > * {\n  color: #0f2819;\n}\n<\/style>\n\t<\/div>\n\t\n\n\t\t<\/div>\n\t<\/div>\n\t<\/a>\n\t\n\n\t\t<\/div>\n\t\t\t\t\n<style>\n#col-228033639 > .col-inner {\n  border-radius: 15px;\n}\n<\/style>\n\t<\/div>\n\n\t\n\n\t<div id=\"col-104085114\" class=\"col medium-6 small-12 large-3\"  >\n\t\t\t\t<div class=\"col-inner box-shadow-1\"  >\n\t\t\t\n\t<div class=\"is-border\"\n\t\tstyle=\"border-color:rgb(15, 40, 25);border-radius:15px;border-width:2px 2px 2px 2px;\">\n\t<\/div>\n\t\t\t\n\n\n\t<a class=\"plain\" href=\"https:\/\/tokuteigino.vn\/ja\/hoc-thu\/hoc-thu-tp-gino-2\/\" >\t<div class=\"icon-box featured-box icon-box-center text-center\"  >\n\t\t\t\t\t<div class=\"icon-box-img\" style=\"width: 100px\">\n\t\t\t\t<div class=\"icon\">\n\t\t\t\t\t<div class=\"icon-inner\" >\n\t\t\t\t\t\t<img loading=\"lazy\" decoding=\"async\" width=\"300\" height=\"300\" src=\"https:\/\/tokuteigino.vn\/wp-content\/uploads\/2025\/04\/thuc-pham-300x300.jpeg\" class=\"attachment-medium size-medium\" alt=\"\" srcset=\"https:\/\/tokuteigino.vn\/wp-content\/uploads\/2025\/04\/thuc-pham-300x300.jpeg 300w, https:\/\/tokuteigino.vn\/wp-content\/uploads\/2025\/04\/thuc-pham-1024x1024.jpeg 1024w, https:\/\/tokuteigino.vn\/wp-content\/uploads\/2025\/04\/thuc-pham-150x150.jpeg 150w, https:\/\/tokuteigino.vn\/wp-content\/uploads\/2025\/04\/thuc-pham-768x768.jpeg 768w, https:\/\/tokuteigino.vn\/wp-content\/uploads\/2025\/04\/thuc-pham-1536x1536.jpeg 1536w, https:\/\/tokuteigino.vn\/wp-content\/uploads\/2025\/04\/thuc-pham-12x12.jpeg 12w, https:\/\/tokuteigino.vn\/wp-content\/uploads\/2025\/04\/thuc-pham-600x600.jpeg 600w, https:\/\/tokuteigino.vn\/wp-content\/uploads\/2025\/04\/thuc-pham-100x100.jpeg 100w, https:\/\/tokuteigino.vn\/wp-content\/uploads\/2025\/04\/thuc-pham.jpeg 1967w\" sizes=\"auto, (max-width: 300px) 100vw, 300px\" \/>\t\t\t\t\t<\/div>\n\t\t\t\t<\/div>\n\t\t\t<\/div>\n\t\t\t\t<div class=\"icon-box-text last-reset\">\n\t\t\t\t\t\t\t\t\t\n\n\t<div id=\"text-3107084983\" class=\"text\">\n\t\t\n\n<p><strong>\u98f2\u98df\u6599\u54c1\u88fd\u9020\u696d2\u53f7<\/strong><\/p>\n\t\t\n<style>\n#text-3107084983 {\n  color: #0f2819;\n}\n#text-3107084983 > * {\n  color: #0f2819;\n}\n<\/style>\n\t<\/div>\n\t\n\n\t\t<\/div>\n\t<\/div>\n\t<\/a>\n\t\n\n\t\t<\/div>\n\t\t\t\t\n<style>\n#col-104085114 > .col-inner {\n  border-radius: 15px;\n}\n<\/style>\n\t<\/div>\n\n\t\n\n\t<div id=\"col-479459562\" class=\"col medium-6 small-12 large-3\"  >\n\t\t\t\t<div class=\"col-inner box-shadow-1\"  >\n\t\t\t\n\t<div class=\"is-border\"\n\t\tstyle=\"border-color:rgb(15, 40, 25);border-radius:15px;border-width:2px 2px 2px 2px;\">\n\t<\/div>\n\t\t\t\n\n\n\t<a class=\"plain\" href=\"https:\/\/tokuteigino.vn\/ja\/hoc-thu-nha-hang-gino-2\/\" >\t<div class=\"icon-box featured-box icon-box-center text-center\"  >\n\t\t\t\t\t<div class=\"icon-box-img\" style=\"width: 100px\">\n\t\t\t\t<div class=\"icon\">\n\t\t\t\t\t<div class=\"icon-inner\" >\n\t\t\t\t\t\t<img loading=\"lazy\" decoding=\"async\" width=\"300\" height=\"300\" src=\"https:\/\/tokuteigino.vn\/wp-content\/uploads\/2025\/04\/nha-hang-300x300.jpeg\" class=\"attachment-medium size-medium\" alt=\"\" srcset=\"https:\/\/tokuteigino.vn\/wp-content\/uploads\/2025\/04\/nha-hang-300x300.jpeg 300w, https:\/\/tokuteigino.vn\/wp-content\/uploads\/2025\/04\/nha-hang-1024x1024.jpeg 1024w, https:\/\/tokuteigino.vn\/wp-content\/uploads\/2025\/04\/nha-hang-150x150.jpeg 150w, https:\/\/tokuteigino.vn\/wp-content\/uploads\/2025\/04\/nha-hang-768x768.jpeg 768w, https:\/\/tokuteigino.vn\/wp-content\/uploads\/2025\/04\/nha-hang-1536x1536.jpeg 1536w, https:\/\/tokuteigino.vn\/wp-content\/uploads\/2025\/04\/nha-hang-12x12.jpeg 12w, https:\/\/tokuteigino.vn\/wp-content\/uploads\/2025\/04\/nha-hang-600x600.jpeg 600w, https:\/\/tokuteigino.vn\/wp-content\/uploads\/2025\/04\/nha-hang-100x100.jpeg 100w, https:\/\/tokuteigino.vn\/wp-content\/uploads\/2025\/04\/nha-hang.jpeg 1967w\" sizes=\"auto, (max-width: 300px) 100vw, 300px\" \/>\t\t\t\t\t<\/div>\n\t\t\t\t<\/div>\n\t\t\t<\/div>\n\t\t\t\t<div class=\"icon-box-text last-reset\">\n\t\t\t\t\t\t\t\t\t\n\n\t<div id=\"text-1000851276\" class=\"text\">\n\t\t\n\n<p><strong>\u5916\u98df\u696d2\u53f7<\/strong><\/p>\n\t\t\n<style>\n#text-1000851276 {\n  color: #0f2819;\n}\n#text-1000851276 > * {\n  color: #0f2819;\n}\n<\/style>\n\t<\/div>\n\t\n\n\t\t<\/div>\n\t<\/div>\n\t<\/a>\n\t\n\n\t\t<\/div>\n\t\t\t\t\n<style>\n#col-479459562 > .col-inner {\n  border-radius: 15px;\n}\n<\/style>\n\t<\/div>\n\n\t\n\n\n<style>\n#row-1586955420 > .col > .col-inner {\n  padding: 30px 30px 30px 30px;\n  background-color: rgb(255,255,255);\n}\n<\/style>\n<\/div>\n\n\t\t<\/div>\n\t\t\t\t\n<style>\n#col-1640211779 > .col-inner {\n  margin: -50px 0px 0px 0px;\n}\n@media (min-width:550px) {\n  #col-1640211779 > .col-inner {\n    margin: -100px 0px 0px 0px;\n  }\n}\n<\/style>\n\t<\/div>\n\n\t\n\n<\/div>\n\n\t\t<\/div>\n\n\t\t\n<style>\n#section_511458265 {\n  padding-top: 30px;\n  padding-bottom: 30px;\n  background-color: rgb(245, 247, 251);\n}\n<\/style>\n\t<\/section>\n\t\n\n\t<section class=\"section dark\" id=\"section_1781148342\">\n\t\t<div class=\"section-bg fill\" >\n\t\t\t\t\t\t\t\t\t\n\t\t\t\n\n\t\t<\/div>\n\n\t\t\n\n\t\t<div class=\"section-content relative\">\n\t\t\t\n\n<div class=\"row\"  id=\"row-744004044\">\n\n\n\t<div id=\"col-457187021\" class=\"col small-12 large-12\"  data-animate=\"fadeInDown\">\n\t\t\t\t<div class=\"col-inner text-center\"  >\n\t\t\t\n\t\t\t\n\n\t<div id=\"text-3575599991\" class=\"text\">\n\t\t\n\n<h3><strong><span style=\"font-size: 200%;\">\u30b3\u30fc\u30b9\u306e\u60c5\u5831<\/span><\/strong><\/h3>\n<p>\u4ee5\u4e0b\u306e\u60c5\u5831\u3092\u4f7f\u7528\u3057\u3066\u9023\u7d61\u3057\u3066\u304f\u3060\u3055\u3044\uff01<\/p>\n\t\t\n<style>\n#text-3575599991 {\n  color: #0f2819;\n}\n#text-3575599991 > * {\n  color: #0f2819;\n}\n<\/style>\n\t<\/div>\n\t\n\n\t\t<\/div>\n\t\t\t\t\n<style>\n#col-457187021 > .col-inner {\n  padding: 30px 0px 0px 0px;\n}\n<\/style>\n\t<\/div>\n\n\t\n\n<\/div>\n<div class=\"row align-center\"  id=\"row-1668868167\">\n\n\n\t<div id=\"col-902179482\" class=\"col medium-4 small-12 large-4\"  data-animate=\"fadeInUp\">\n\t\t\t\t<div class=\"col-inner text-center\"  >\n\t\t\t\n\t\t\t\n\n\t<div id=\"text-2130107926\" class=\"text\">\n\t\t\n\n<p>\u0110\u1ecba ch\u1ec9: H\u00e0 N\u1ed9i, Vi\u1ec7t Nam<br \/>\nEmail: <a href=\"\/ja\/thanhmai@tokuteigino.vn\/\">thanhmai@tokuteigino.vn<\/a> <br \/>\nS\u1ed1 \u0111i\u1ec7n tho\u1ea1i: <a href=\"tel:+84 336 679 657\">0337895194<\/a><\/p>\n<\/p>\n\t\t\n<style>\n#text-2130107926 {\n  text-align: left;\n  color: #0f2819;\n}\n#text-2130107926 > * {\n  color: #0f2819;\n}\n<\/style>\n\t<\/div>\n\t\n\n\t\t<\/div>\n\t\t\t\t\t<\/div>\n\n\t\n\n\t<div id=\"col-1839751661\" class=\"col medium-4 small-12 large-4\"  data-animate=\"fadeInUp\">\n\t\t\t\t<div class=\"col-inner text-left\"  >\n\t\t\t\n\t\t\t\n\n\t<div id=\"text-3832056913\" class=\"text\">\n\t\t\n\n<ul>\n\u7279\u5b9a\u6280\u80fd\u30b3\u30fc\u30b9<\/p>\n<li><a href = \"https:\/\/tokuteigino.vn\/ja\/tokuteigino-1\/\">Tokutei gino1<\/li>\n<li> <a href = \"https:\/\/tokuteigino.vn\/ja\/tokuteigino-2\/\">Tokutei gino2<\/li>\n<\/ul>\n\t\t\n<style>\n#text-3832056913 {\n  text-align: left;\n  color: #0f2819;\n}\n#text-3832056913 > * {\n  color: #0f2819;\n}\n<\/style>\n\t<\/div>\n\t\n\n\t\t<\/div>\n\t\t\t\t\t<\/div>\n\n\t\n\n\t<div id=\"col-1975101069\" class=\"col medium-4 small-12 large-4\"  data-animate=\"fadeInUp\">\n\t\t\t\t<div class=\"col-inner text-left\"  >\n\t\t\t\n\t\t\t\n\n<div class=\"social-icons follow-icons full-width text-left\" style=\"font-size:120%\"><a href=\"https:\/\/www.facebook.com\/Thanhmaiyokohama\" target=\"_blank\" data-label=\"Facebook\" class=\"icon primary button circle tooltip facebook\" title=\"Facebook\u3067\u30d5\u30a9\u30ed\u30fc\" aria-label=\"Facebook\u3067\u30d5\u30a9\u30ed\u30fc\" rel=\"noopener nofollow\"><i class=\"icon-facebook\" aria-hidden=\"true\"><\/i><\/a><a href=\"https:\/\/www.tiktok.com\/@thanhmaiyokohama\" target=\"_blank\" data-label=\"TikTok\" class=\"icon primary button circle tooltip tiktok\" title=\"Follow on TikTok\" aria-label=\"Follow on TikTok\" rel=\"noopener nofollow\"><i class=\"icon-tiktok\" aria-hidden=\"true\"><\/i><\/a><a href=\"https:\/\/www.youtube.com\/channel\/UCMP5q7fKoaHMZW6VReJ2bdg\" data-label=\"YouTube\" target=\"_blank\" class=\"icon primary button circle tooltip youtube\" title=\"YouTube\u3067\u30d5\u30a9\u30ed\u30fc\" aria-label=\"YouTube\u3067\u30d5\u30a9\u30ed\u30fc\" rel=\"noopener nofollow\"><i class=\"icon-youtube\" aria-hidden=\"true\"><\/i><\/a><\/div>\n\n\n\t\t<\/div>\n\t\t\t\t\t<\/div>\n\n\t\n\n<\/div>\n\t<div id=\"gap-647366844\" class=\"gap-element clearfix\" style=\"display:block; height:auto;\">\n\t\t\n<style>\n#gap-647366844 {\n  padding-top: 10px;\n}\n<\/style>\n\t<\/div>\n\t\n\n\n\n<style>\n  .chat-icon img {\n    width: 45px;\n    height: 45px;\n  }\n\n  #messenger-button,\n  #zalo-button {\n    position: fixed;\n    width: 60px;\n    height: 60px;\n    border-radius: 50%;\n    display: flex;\n    align-items: center;\n    justify-content: center;\n    transition: transform 0.2s ease-in-out;\n    text-decoration: none;\n    z-index: 1000;\n  }\n\n  #messenger-button {\n    bottom: 15px;\n    right: 15px;\n  }\n\n  #zalo-button {\n    bottom: 85px;\n    right: 15px;\n  }\n\n  #messenger-button:hover,\n  #zalo-button:hover {\n    transform: scale(1.1);\n  }\n\n\n<\/style>\n\n<!-- N\u00fat li\u00ean h\u1ec7 b\u00ean ngo\u00e0i (lu\u00f4n hi\u1ec3n th\u1ecb) -->\n<a href=\"#\" id=\"zalo-button\" target=\"_blank\">\n  <div class=\"chat-icon\">\n    <img decoding=\"async\" src=\"https:\/\/tokuteigino.vn\/wp-content\/uploads\/2025\/02\/zalo-logo.png\" alt=\"Chat Zalo\">\n  <\/div>\n<\/a>\n\n<a href=\"#\" id=\"messenger-button\" target=\"_blank\">\n  <div class=\"chat-icon\">\n    <img decoding=\"async\" src=\"https:\/\/tokuteigino.vn\/wp-content\/uploads\/2025\/02\/Thiet-ke-chua-co-ten-15.png\" alt=\"Chat Messenger\">\n  <\/div>\n<\/a>\n\n<script>\n  const zaloBtn = document.getElementById(\"zalo-button\");\n  const messengerBtn = document.getElementById(\"messenger-button\");\n\n  document.addEventListener(\"DOMContentLoaded\", function () {\n    zaloBtn.href = \"https:\/\/zalo.me\/+84337895194\";\n    messengerBtn.href = \"https:\/\/m.me\/100280956308183\";\n  });\n<\/script>\n\n\n\t\t<\/div>\n\n\t\t\n<style>\n#section_1781148342 {\n  padding-top: 15px;\n  padding-bottom: 15px;\n  background-color: rgb(254, 231, 231);\n}\n<\/style>\n\t<\/section>","protected":false},"excerpt":{"rendered":"","protected":false},"author":2,"featured_media":0,"parent":0,"menu_order":0,"comment_status":"closed","ping_status":"closed","template":"","meta":{"_monsterinsights_skip_tracking":false,"_monsterinsights_sitenote_active":false,"_monsterinsights_sitenote_note":"","_monsterinsights_sitenote_category":0,"footnotes":""},"class_list":["post-3280","page","type-page","status-publish","hentry"],"_links":{"self":[{"href":"https:\/\/tokuteigino.vn\/ja\/wp-json\/wp\/v2\/pages\/3280","targetHints":{"allow":["GET"]}}],"collection":[{"href":"https:\/\/tokuteigino.vn\/ja\/wp-json\/wp\/v2\/pages"}],"about":[{"href":"https:\/\/tokuteigino.vn\/ja\/wp-json\/wp\/v2\/types\/page"}],"author":[{"embeddable":true,"href":"https:\/\/tokuteigino.vn\/ja\/wp-json\/wp\/v2\/users\/2"}],"replies":[{"embeddable":true,"href":"https:\/\/tokuteigino.vn\/ja\/wp-json\/wp\/v2\/comments?post=3280"}],"version-history":[{"count":30,"href":"https:\/\/tokuteigino.vn\/ja\/wp-json\/wp\/v2\/pages\/3280\/revisions"}],"predecessor-version":[{"id":8051,"href":"https:\/\/tokuteigino.vn\/ja\/wp-json\/wp\/v2\/pages\/3280\/revisions\/8051"}],"wp:attachment":[{"href":"https:\/\/tokuteigino.vn\/ja\/wp-json\/wp\/v2\/media?parent=3280"}],"curies":[{"name":"wp","href":"https:\/\/api.w.org\/{rel}","templated":true}]}}